{"id":2858,"date":"2025-11-05T09:29:09","date_gmt":"2025-11-05T08:29:09","guid":{"rendered":"https:\/\/eolter.com\/eolter\/"},"modified":"2026-01-14T14:13:43","modified_gmt":"2026-01-14T13:13:43","slug":"eolter","status":"publish","type":"page","link":"https:\/\/eolter.com\/fr\/eolter\/","title":{"rendered":"Eolter"},"content":{"rendered":"\t\t<div data-elementor-type=\"wp-page\" data-elementor-id=\"2858\" class=\"elementor elementor-2858 elementor-286\" data-elementor-post-type=\"page\">\n\t\t\t\t<div class=\"elementor-element elementor-element-c611f7d e-con-full e-flex e-con e-parent\" data-id=\"c611f7d\" data-element_type=\"container\">\n\t\t<div class=\"elementor-element elementor-element-9e9bec8 e-con-full e-flex e-con e-child\" data-id=\"9e9bec8\" data-element_type=\"container\">\n\t\t<div class=\"elementor-element elementor-element-27146a0c e-con-full e-flex e-con e-child\" data-id=\"27146a0c\" data-element_type=\"container\" data-settings=\"{&quot;background_background&quot;:&quot;classic&quot;}\">\n\t\t<div class=\"elementor-element elementor-element-7a1d808d e-flex e-con-boxed e-con e-child\" data-id=\"7a1d808d\" data-element_type=\"container\">\n\t\t\t\t\t<div class=\"e-con-inner\">\n\t\t<div class=\"elementor-element elementor-element-a758448 e-con-full e-flex e-con e-child\" data-id=\"a758448\" data-element_type=\"container\">\n\t\t\t\t<div class=\"elementor-element elementor-element-5e948a2c elementor-widget elementor-widget-heading\" data-id=\"5e948a2c\" data-element_type=\"widget\" data-widget_type=\"heading.default\">\n\t\t\t\t\t<h1 class=\"elementor-heading-title elementor-size-default\">Rentabilit\u00e9, durabilit\u00e9 et innovation au service de l\u2019industrie.<\/h1>\t\t\t\t<\/div>\n\t\t\t\t<div class=\"elementor-element elementor-element-74394e0c elementor-widget elementor-widget-text-editor\" data-id=\"74394e0c\" data-element_type=\"widget\" data-widget_type=\"text-editor.default\">\n\t\t\t\t\t\t\t\t\t<p>Chez Eolter, nous concevons et mettons en \u0153uvre des solutions de filtration de l\u2019air pour les environnements industriels, am\u00e9liorant la qualit\u00e9 de l\u2019air, prot\u00e9geant la sant\u00e9 au travail et optimisant les processus de production, avec un engagement ferme en faveur de la durabilit\u00e9 et du respect des r\u00e9glementations.<\/p>\t\t\t\t\t\t\t\t<\/div>\n\t\t\t\t<\/div>\n\t\t\t\t\t<\/div>\n\t\t\t\t<\/div>\n\t\t<div class=\"elementor-element elementor-element-17e521d3 e-flex e-con-boxed e-con e-child\" data-id=\"17e521d3\" data-element_type=\"container\">\n\t\t\t\t\t<div class=\"e-con-inner\">\n\t\t<div class=\"elementor-element elementor-element-260c8db2 e-con-full e-flex e-con e-child\" data-id=\"260c8db2\" data-element_type=\"container\">\n\t\t<div class=\"elementor-element elementor-element-70a6e9d4 e-con-full e-flex e-con e-child\" data-id=\"70a6e9d4\" data-element_type=\"container\">\n\t\t\t\t<div class=\"elementor-element elementor-element-4a626ee6 elementor-widget-mobile__width-initial elementor-widget elementor-widget-heading\" data-id=\"4a626ee6\" data-element_type=\"widget\" data-widget_type=\"heading.default\">\n\t\t\t\t\t<p class=\"elementor-heading-title elementor-size-default\">Engagement technique<\/p>\t\t\t\t<\/div>\n\t\t\t\t<div class=\"elementor-element elementor-element-9b15a43 elementor-widget elementor-widget-heading\" data-id=\"9b15a43\" data-element_type=\"widget\" data-widget_type=\"heading.default\">\n\t\t\t\t\t<div class=\"elementor-heading-title elementor-size-default\">Nous misons sur l\u2019am\u00e9lioration continue et la digitalisation.<\/div>\t\t\t\t<\/div>\n\t\t\t\t<\/div>\n\t\t<div class=\"elementor-element elementor-element-dbedf9b e-con-full e-flex e-con e-child\" data-id=\"dbedf9b\" data-element_type=\"container\">\n\t\t\t\t<div class=\"elementor-element elementor-element-55dd1746 elementor-widget elementor-widget-heading\" data-id=\"55dd1746\" data-element_type=\"widget\" data-widget_type=\"heading.default\">\n\t\t\t\t\t<p class=\"elementor-heading-title elementor-size-default\">Service client<\/p>\t\t\t\t<\/div>\n\t\t\t\t<div class=\"elementor-element elementor-element-3a1f7a5f elementor-widget elementor-widget-heading\" data-id=\"3a1f7a5f\" data-element_type=\"widget\" data-widget_type=\"heading.default\">\n\t\t\t\t\t<div class=\"elementor-heading-title elementor-size-default\">Une attention proche et personnalis\u00e9e, adapt\u00e9e \u00e0 la r\u00e9alit\u00e9 industrielle.<\/div>\t\t\t\t<\/div>\n\t\t\t\t<\/div>\n\t\t<div class=\"elementor-element elementor-element-19f3e440 e-con-full e-flex e-con e-child\" data-id=\"19f3e440\" data-element_type=\"container\">\n\t\t\t\t<div class=\"elementor-element elementor-element-54f8699 elementor-widget elementor-widget-heading\" data-id=\"54f8699\" data-element_type=\"widget\" data-widget_type=\"heading.default\">\n\t\t\t\t\t<p class=\"elementor-heading-title elementor-size-default\">Responsabilit\u00e9 sociale<\/p>\t\t\t\t<\/div>\n\t\t\t\t<div class=\"elementor-element elementor-element-378bc474 elementor-widget elementor-widget-heading\" data-id=\"378bc474\" data-element_type=\"widget\" data-widget_type=\"heading.default\">\n\t\t\t\t\t<div class=\"elementor-heading-title elementor-size-default\">Contribution au d\u00e9veloppement durable, avec un impact positif sur l\u2019environnement.<\/div>\t\t\t\t<\/div>\n\t\t\t\t<\/div>\n\t\t<div class=\"elementor-element elementor-element-13cf0e39 e-con-full e-flex e-con e-child\" data-id=\"13cf0e39\" data-element_type=\"container\">\n\t\t\t\t<div class=\"elementor-element elementor-element-659562f5 elementor-widget elementor-widget-heading\" data-id=\"659562f5\" data-element_type=\"widget\" data-widget_type=\"heading.default\">\n\t\t\t\t\t<p class=\"elementor-heading-title elementor-size-default\">Efficacit\u00e9<\/p>\t\t\t\t<\/div>\n\t\t\t\t<div class=\"elementor-element elementor-element-72b7fada elementor-widget elementor-widget-heading\" data-id=\"72b7fada\" data-element_type=\"widget\" data-widget_type=\"heading.default\">\n\t\t\t\t\t<div class=\"elementor-heading-title elementor-size-default\">Concentration, agilit\u00e9 et pr\u00e9cision, garantissant la productivit\u00e9 sans compromettre l\u2019excellence. <\/div>\t\t\t\t<\/div>\n\t\t\t\t<\/div>\n\t\t<div class=\"elementor-element elementor-element-886ff68 e-con-full e-flex e-con e-child\" data-id=\"886ff68\" data-element_type=\"container\">\n\t\t\t\t<div class=\"elementor-element elementor-element-134e58ad elementor-widget elementor-widget-heading\" data-id=\"134e58ad\" data-element_type=\"widget\" data-widget_type=\"heading.default\">\n\t\t\t\t\t<p class=\"elementor-heading-title elementor-size-default\">Travail en \u00e9quipe<\/p>\t\t\t\t<\/div>\n\t\t\t\t<div class=\"elementor-element elementor-element-659cad16 elementor-widget elementor-widget-heading\" data-id=\"659cad16\" data-element_type=\"widget\" data-widget_type=\"heading.default\">\n\t\t\t\t\t<div class=\"elementor-heading-title elementor-size-default\">Collaboration et engagement pour obtenir les meilleurs r\u00e9sultats.<\/div>\t\t\t\t<\/div>\n\t\t\t\t<\/div>\n\t\t\t\t<\/div>\n\t\t\t\t\t<\/div>\n\t\t\t\t<\/div>\n\t\t\t\t<\/div>\n\t\t<div class=\"elementor-element elementor-element-55251791 e-flex e-con-boxed e-con e-child\" data-id=\"55251791\" data-element_type=\"container\" data-settings=\"{&quot;background_background&quot;:&quot;classic&quot;}\">\n\t\t\t\t\t<div class=\"e-con-inner\">\n\t\t\t\t<div class=\"elementor-element elementor-element-10b862ae elementor-widget elementor-widget-heading\" data-id=\"10b862ae\" data-element_type=\"widget\" data-widget_type=\"heading.default\">\n\t\t\t\t\t<p class=\"elementor-heading-title elementor-size-default\">N\u00e9s de l\u2019exp\u00e9rience, nous grandissons gr\u00e2ce \u00e0 l\u2019innovation.<\/p>\t\t\t\t<\/div>\n\t\t\t\t\t<\/div>\n\t\t\t\t<\/div>\n\t\t\t\t<\/div>\n\t\t<div class=\"elementor-element elementor-element-33bcf5b1 e-con-full e-flex e-con e-child\" data-id=\"33bcf5b1\" data-element_type=\"container\">\n\t\t<div class=\"elementor-element elementor-element-4be3bfbc e-flex e-con-boxed e-con e-child\" data-id=\"4be3bfbc\" data-element_type=\"container\">\n\t\t\t\t\t<div class=\"e-con-inner\">\n\t\t\t\t<div class=\"elementor-element elementor-element-307b8227 elementor-widget elementor-widget-heading\" data-id=\"307b8227\" data-element_type=\"widget\" data-widget_type=\"heading.default\">\n\t\t\t\t\t<p class=\"elementor-heading-title elementor-size-default\">Nos origines<\/p>\t\t\t\t<\/div>\n\t\t\t\t<div class=\"elementor-element elementor-element-76e8715a elementor-widget elementor-widget-text-editor\" data-id=\"76e8715a\" data-element_type=\"widget\" data-widget_type=\"text-editor.default\">\n\t\t\t\t\t\t\t\t\t<p>EOLTER est n\u00e9e comme une initiative strat\u00e9gique du Groupe Morajar, apr\u00e8s avoir identifi\u00e9 une demande croissante dans le domaine de la filtration industrielle de la part de ses propres clients. Cette ligne d\u2019activit\u00e9, initialement d\u00e9velopp\u00e9e au sein du groupe, a pris de l\u2019importance jusqu\u2019\u00e0 devenir une opportunit\u00e9 \u00e0 fort potentiel de sp\u00e9cialisation et de croissance.<\/p><p>Notre exp\u00e9rience repose sur une \u00e9quipe hautement qualifi\u00e9e compos\u00e9e d\u2019ing\u00e9nieurs, de physiciens et de dessinateurs, capables de couvrir toutes les phases du projet : de la conception initiale jusqu\u2019au montage sur site. Nous utilisons les logiciels les plus performants pour la simulation CFD des fluides par \u00e9l\u00e9ments finis afin d\u2019optimiser au maximum les \u00e9quipements.<\/p>\t\t\t\t\t\t\t\t<\/div>\n\t\t\t\t<div class=\"elementor-element elementor-element-7786a45d elementor-widget elementor-widget-text-editor\" data-id=\"7786a45d\" data-element_type=\"widget\" data-widget_type=\"text-editor.default\">\n\t\t\t\t\t\t\t\t\t<p>En plus de son approche technique et sp\u00e9cialis\u00e9e, EOLTER b\u00e9n\u00e9ficie du soutien financier et structurel du Groupe Morajar, ce qui garantit une base solide pour sa croissance, sa capacit\u00e9 d\u2019investissement et le respect des engagements envers les clients et les fournisseurs. Ce lien renforce la solvabilit\u00e9, la stabilit\u00e9 et la fiabilit\u00e9 d\u2019EOLTER en tant que partenaire strat\u00e9gique dans le secteur industriel.<\/p>\t\t\t\t\t\t\t\t<\/div>\n\t\t\t\t\t<\/div>\n\t\t\t\t<\/div>\n\t\t<div class=\"elementor-element elementor-element-dda2772 e-con-full e-flex e-con e-child\" data-id=\"dda2772\" data-element_type=\"container\" data-settings=\"{&quot;background_background&quot;:&quot;classic&quot;}\">\n\t\t<div class=\"elementor-element elementor-element-1a359e18 e-flex e-con-boxed e-con e-child\" data-id=\"1a359e18\" data-element_type=\"container\" data-settings=\"{&quot;background_background&quot;:&quot;classic&quot;}\">\n\t\t\t\t\t<div class=\"e-con-inner\">\n\t\t\t\t\t<\/div>\n\t\t\t\t<\/div>\n\t\t<div class=\"elementor-element elementor-element-5079c12 e-flex e-con-boxed e-con e-child\" data-id=\"5079c12\" data-element_type=\"container\">\n\t\t\t\t\t<div class=\"e-con-inner\">\n\t\t<div class=\"elementor-element elementor-element-21f997eb e-flex e-con-boxed e-con e-child\" data-id=\"21f997eb\" data-element_type=\"container\" data-settings=\"{&quot;background_background&quot;:&quot;classic&quot;}\">\n\t\t\t\t\t<div class=\"e-con-inner\">\n\t\t<div class=\"elementor-element elementor-element-2a0d9114 e-con-full e-flex e-con e-child\" data-id=\"2a0d9114\" data-element_type=\"container\">\n\t\t<div class=\"elementor-element elementor-element-2a3fe59a e-flex e-con-boxed e-con e-child\" data-id=\"2a3fe59a\" data-element_type=\"container\">\n\t\t\t\t\t<div class=\"e-con-inner\">\n\t\t<div class=\"elementor-element elementor-element-582d2db0 e-con-full e-flex e-con e-child\" data-id=\"582d2db0\" data-element_type=\"container\">\n\t\t\t\t<div class=\"elementor-element elementor-element-9e81d69 elementor-widget__width-initial elementor-widget elementor-widget-theme-site-logo elementor-widget-image\" data-id=\"9e81d69\" data-element_type=\"widget\" data-widget_type=\"theme-site-logo.default\">\n\t\t\t\t\t\t\t\t\t\t\t<a href=\"https:\/\/eolter.com\/fr\/\">\n\t\t\t<img fetchpriority=\"high\" decoding=\"async\" width=\"2084\" height=\"521\" src=\"https:\/\/eolter.com\/wp-content\/uploads\/2025\/11\/LOGO-EOLTER-_02-principal-blanco-M.png\" class=\"attachment-full size-full wp-image-553\" alt=\"\" srcset=\"https:\/\/eolter.com\/wp-content\/uploads\/2025\/11\/LOGO-EOLTER-_02-principal-blanco-M.png 2084w, https:\/\/eolter.com\/wp-content\/uploads\/2025\/11\/LOGO-EOLTER-_02-principal-blanco-M-300x75.png 300w, https:\/\/eolter.com\/wp-content\/uploads\/2025\/11\/LOGO-EOLTER-_02-principal-blanco-M-1024x256.png 1024w, https:\/\/eolter.com\/wp-content\/uploads\/2025\/11\/LOGO-EOLTER-_02-principal-blanco-M-768x192.png 768w, https:\/\/eolter.com\/wp-content\/uploads\/2025\/11\/LOGO-EOLTER-_02-principal-blanco-M-1536x384.png 1536w, https:\/\/eolter.com\/wp-content\/uploads\/2025\/11\/LOGO-EOLTER-_02-principal-blanco-M-2048x512.png 2048w\" sizes=\"(max-width: 2084px) 100vw, 2084px\" \/>\t\t\t\t<\/a>\n\t\t\t\t\t\t\t\t\t\t\t<\/div>\n\t\t\t\t<div class=\"elementor-element elementor-element-3fa32a53 elementor-widget elementor-widget-heading\" data-id=\"3fa32a53\" data-element_type=\"widget\" data-widget_type=\"heading.default\">\n\t\t\t\t\t<h2 class=\"elementor-heading-title elementor-size-default\">Notre atout le plus important<\/h2>\t\t\t\t<\/div>\n\t\t\t\t<\/div>\n\t\t<div class=\"elementor-element elementor-element-f311cd8 e-con-full e-flex e-con e-child\" data-id=\"f311cd8\" data-element_type=\"container\">\n\t\t\t\t<div class=\"elementor-element elementor-element-164543f elementor-widget elementor-widget-text-editor\" data-id=\"164543f\" data-element_type=\"widget\" data-widget_type=\"text-editor.default\">\n\t\t\t\t\t\t\t\t\t<p>Nous d\u00e9veloppons des projets complets de bout en bout, en prenant en charge chaque phase: de la conception et l\u2019ing\u00e9nierie jusqu\u2019au montage et \u00e0 la mise en service, en fournissant tous les accessoires et pi\u00e8ces de rechange n\u00e9cessaires au bon fonctionnement des syst\u00e8mes de filtration. Nous proposons des solutions cl\u00e9s en main qui garantissent efficacit\u00e9, s\u00e9curit\u00e9 et tranquillit\u00e9 pour le client, avec un interlocuteur unique et la garantie d\u2019un r\u00e9sultat optimal.<\/p>\n\t\t\t\t\t\t\t\t<\/div>\n\t\t\t\t<\/div>\n\t\t\t\t\t<\/div>\n\t\t\t\t<\/div>\n\t\t<div class=\"elementor-element elementor-element-9c582a2 e-flex e-con-boxed e-con e-child\" data-id=\"9c582a2\" data-element_type=\"container\">\n\t\t\t\t\t<div class=\"e-con-inner\">\n\t\t<div class=\"elementor-element elementor-element-18ecf36c e-con-full e-flex e-con e-child\" data-id=\"18ecf36c\" data-element_type=\"container\">\n\t\t<div class=\"elementor-element elementor-element-af44a13 e-con-full e-flex e-con e-child\" data-id=\"af44a13\" data-element_type=\"container\">\n\t\t<div class=\"elementor-element elementor-element-73ac191c e-con-full e-flex e-con e-child\" data-id=\"73ac191c\" data-element_type=\"container\">\n\t\t<div class=\"elementor-element elementor-element-2ec2c88f e-con-full e-flex e-con e-child\" data-id=\"2ec2c88f\" data-element_type=\"container\" data-settings=\"{&quot;background_background&quot;:&quot;classic&quot;}\">\n\t\t\t\t<\/div>\n\t\t\t\t<\/div>\n\t\t<div class=\"elementor-element elementor-element-6614808c e-con-full e-flex e-con e-child\" data-id=\"6614808c\" data-element_type=\"container\">\n\t\t\t\t<div class=\"elementor-element elementor-element-7b763696 elementor-widget elementor-widget-heading\" data-id=\"7b763696\" data-element_type=\"widget\" data-widget_type=\"heading.default\">\n\t\t\t\t\t<span class=\"elementor-heading-title elementor-size-default\"><p>Veiller \u00e0 la rentabilit\u00e9 et \u00e0 la durabilit\u00e9 de nos clients<\/p>\n<\/span>\t\t\t\t<\/div>\n\t\t\t\t<\/div>\n\t\t\t\t<\/div>\n\t\t<div class=\"elementor-element elementor-element-39270c3b e-con-full e-flex e-con e-child\" data-id=\"39270c3b\" data-element_type=\"container\">\n\t\t<div class=\"elementor-element elementor-element-74f80f03 e-con-full e-flex e-con e-child\" data-id=\"74f80f03\" data-element_type=\"container\">\n\t\t<div class=\"elementor-element elementor-element-468d7b6d e-con-full e-flex e-con e-child\" data-id=\"468d7b6d\" data-element_type=\"container\" data-settings=\"{&quot;background_background&quot;:&quot;classic&quot;}\">\n\t\t\t\t<\/div>\n\t\t\t\t<\/div>\n\t\t<div class=\"elementor-element elementor-element-4fab5ee6 e-con-full e-flex e-con e-child\" data-id=\"4fab5ee6\" data-element_type=\"container\">\n\t\t\t\t<div class=\"elementor-element elementor-element-5bce91b9 elementor-widget elementor-widget-heading\" data-id=\"5bce91b9\" data-element_type=\"widget\" data-widget_type=\"heading.default\">\n\t\t\t\t\t<span class=\"elementor-heading-title elementor-size-default\"><p>Adaptation compl\u00e8te aux r\u00e9glementations dans plus de 50 pays<\/p>\n<\/span>\t\t\t\t<\/div>\n\t\t\t\t<\/div>\n\t\t\t\t<\/div>\n\t\t<div class=\"elementor-element elementor-element-17de86e0 e-con-full e-flex e-con e-child\" data-id=\"17de86e0\" data-element_type=\"container\">\n\t\t<div class=\"elementor-element elementor-element-de09b58 e-con-full e-flex e-con e-child\" data-id=\"de09b58\" data-element_type=\"container\">\n\t\t<div class=\"elementor-element elementor-element-3a27ec4f e-con-full e-flex e-con e-child\" data-id=\"3a27ec4f\" data-element_type=\"container\" data-settings=\"{&quot;background_background&quot;:&quot;classic&quot;}\">\n\t\t\t\t<\/div>\n\t\t\t\t<\/div>\n\t\t<div class=\"elementor-element elementor-element-4dbbf015 e-con-full e-flex e-con e-child\" data-id=\"4dbbf015\" data-element_type=\"container\">\n\t\t\t\t<div class=\"elementor-element elementor-element-239b3e58 elementor-widget elementor-widget-heading\" data-id=\"239b3e58\" data-element_type=\"widget\" data-widget_type=\"heading.default\">\n\t\t\t\t\t<span class=\"elementor-heading-title elementor-size-default\"><p>Simulation et calcul des fluides pour une prise de d\u00e9cision 100\u202f% objective<\/p>\n<\/span>\t\t\t\t<\/div>\n\t\t\t\t<\/div>\n\t\t\t\t<\/div>\n\t\t<div class=\"elementor-element elementor-element-7396c7a4 e-con-full e-flex e-con e-child\" data-id=\"7396c7a4\" data-element_type=\"container\">\n\t\t<div class=\"elementor-element elementor-element-607f6837 e-con-full e-flex e-con e-child\" data-id=\"607f6837\" data-element_type=\"container\">\n\t\t<div class=\"elementor-element elementor-element-2a4a785d e-con-full e-flex e-con e-child\" data-id=\"2a4a785d\" data-element_type=\"container\" data-settings=\"{&quot;background_background&quot;:&quot;classic&quot;}\">\n\t\t\t\t<\/div>\n\t\t\t\t<\/div>\n\t\t<div class=\"elementor-element elementor-element-381d3c5f e-con-full e-flex e-con e-child\" data-id=\"381d3c5f\" data-element_type=\"container\">\n\t\t\t\t<div class=\"elementor-element elementor-element-686785f7 elementor-widget elementor-widget-heading\" data-id=\"686785f7\" data-element_type=\"widget\" data-widget_type=\"heading.default\">\n\t\t\t\t\t<span class=\"elementor-heading-title elementor-size-default\"><p>Favoriser une industrie s\u00fbre et efficace dans ses processus de travail<\/p>\n<\/span>\t\t\t\t<\/div>\n\t\t\t\t<\/div>\n\t\t\t\t<\/div>\n\t\t\t\t<\/div>\n\t\t\t\t\t<\/div>\n\t\t\t\t<\/div>\n\t\t\t\t<\/div>\n\t\t\t\t\t<\/div>\n\t\t\t\t<\/div>\n\t\t\t\t\t<\/div>\n\t\t\t\t<\/div>\n\t\t\t\t<\/div>\n\t\t\t\t<\/div>\n\t\t<div class=\"elementor-element elementor-element-76342a11 e-flex e-con-boxed e-con e-child\" data-id=\"76342a11\" data-element_type=\"container\">\n\t\t\t\t\t<div class=\"e-con-inner\">\n\t\t<div class=\"elementor-element elementor-element-44abb18f e-con-full e-flex e-con e-child\" data-id=\"44abb18f\" data-element_type=\"container\">\n\t\t<div class=\"elementor-element elementor-element-99450a7 e-con-full e-flex e-con e-child\" data-id=\"99450a7\" data-element_type=\"container\">\n\t\t\t\t<div class=\"elementor-element elementor-element-d201951 elementor-widget elementor-widget-heading\" data-id=\"d201951\" data-element_type=\"widget\" data-widget_type=\"heading.default\">\n\t\t\t\t\t<h2 class=\"elementor-heading-title elementor-size-default\">Exp\u00e9rience dans de nombreux secteurs<\/h2>\t\t\t\t<\/div>\n\t\t\t\t<div class=\"elementor-element elementor-element-7515d353 elementor-widget elementor-widget-text-editor\" data-id=\"7515d353\" data-element_type=\"widget\" data-widget_type=\"text-editor.default\">\n\t\t\t\t\t\t\t\t\t<p>Les filtres d\u00e9velopp\u00e9s par EOLTER, fruit de l\u2019exp\u00e9rience et de la sp\u00e9cialisation issue de ses origines, sont pr\u00e9sents dans diverses installations en Europe et en Afrique, offrant des solutions \u00e0 haute efficacit\u00e9 et fiabilit\u00e9 pour de nombreux secteurs industriels.<\/p>\n<p>&nbsp;<\/p>\n<p>Ils ont \u00e9t\u00e9 mis en \u0153uvre dans des secteurs tr\u00e8s diff\u00e9rents (mines, cimenteries, agroalimentaire\u2026) et, dans tous, ils ont d\u00e9montr\u00e9 un fonctionnement efficace et fiable, notamment dans les usines d\u2019engrais.<\/p>\n\t\t\t\t\t\t\t\t<\/div>\n\t\t\t\t<\/div>\n\t\t<div class=\"elementor-element elementor-element-528fb5ff e-con-full e-flex e-con e-child\" data-id=\"528fb5ff\" data-element_type=\"container\" data-settings=\"{&quot;background_background&quot;:&quot;classic&quot;}\">\n\t\t\t\t<\/div>\n\t\t\t\t<\/div>\n\t\t\t\t\t<\/div>\n\t\t\t\t<\/div>\n\t\t<div class=\"elementor-element elementor-element-3e0b4fd8 e-flex e-con-boxed e-con e-child\" data-id=\"3e0b4fd8\" data-element_type=\"container\">\n\t\t\t\t\t<div class=\"e-con-inner\">\n\t\t\t\t<div class=\"elementor-element elementor-element-78be8be elementor-widget elementor-widget-template\" data-id=\"78be8be\" data-element_type=\"widget\" data-widget_type=\"template.default\">\n\t\t\t\t<div class=\"elementor-widget-container\">\n\t\t\t\t\t\t\t<div class=\"elementor-template\">\n\t\t\t\t\t<div data-elementor-type=\"container\" data-elementor-id=\"2897\" class=\"elementor elementor-2897 elementor-535\" data-elementor-post-type=\"elementor_library\">\n\t\t\t\t<div class=\"elementor-element elementor-element-0a275bc e-con-full e-flex e-con e-parent\" data-id=\"0a275bc\" data-element_type=\"container\">\n\t\t<div class=\"elementor-element elementor-element-acebc7a e-con-full e-flex e-con e-child\" data-id=\"acebc7a\" data-element_type=\"container\" data-settings=\"{&quot;background_background&quot;:&quot;classic&quot;}\">\n\t\t<div class=\"elementor-element elementor-element-a23afe7 e-con-full e-flex e-con e-child\" data-id=\"a23afe7\" data-element_type=\"container\">\n\t\t\t\t<div class=\"elementor-element elementor-element-5394166 elementor-widget__width-inherit elementor-widget elementor-widget-heading\" data-id=\"5394166\" data-element_type=\"widget\" data-widget_type=\"heading.default\">\n\t\t\t\t\t<div class=\"elementor-heading-title elementor-size-default\">Obtenez une solution sur mesure qui garantit la s\u00e9curit\u00e9 des personnes et l\u2019efficacit\u00e9 de vos installations<br><\/div>\t\t\t\t<\/div>\n\t\t\t\t<div class=\"elementor-element elementor-element-8475207 elementor-widget elementor-widget-button\" data-id=\"8475207\" data-element_type=\"widget\" data-widget_type=\"button.default\">\n\t\t\t\t\t\t\t\t\t\t<a class=\"elementor-button elementor-button-link elementor-size-sm\" href=\"https:\/\/eolter.com\/fr\/contact\/\">\n\t\t\t\t\t\t<span class=\"elementor-button-content-wrapper\">\n\t\t\t\t\t\t\t\t\t<span class=\"elementor-button-text\">Parlez \u00e0 un expert<br><\/span>\n\t\t\t\t\t<\/span>\n\t\t\t\t\t<\/a>\n\t\t\t\t\t\t\t\t<\/div>\n\t\t\t\t<\/div>\n\t\t<div class=\"elementor-element elementor-element-66acabe e-con-full e-flex e-con e-child\" data-id=\"66acabe\" data-element_type=\"container\" data-settings=\"{&quot;background_background&quot;:&quot;classic&quot;}\">\n\t\t<div class=\"elementor-element elementor-element-595debf e-con-full e-flex e-con e-child\" data-id=\"595debf\" data-element_type=\"container\">\n\t\t\t\t<div class=\"elementor-element elementor-element-8037a48 elementor-widget elementor-widget-image\" data-id=\"8037a48\" data-element_type=\"widget\" data-widget_type=\"image.default\">\n\t\t\t\t\t\t\t\t\t\t\t\t\t\t\t<img decoding=\"async\" width=\"362\" height=\"328\" src=\"https:\/\/eolter.com\/wp-content\/uploads\/2025\/11\/mono-eolter.png\" class=\"attachment-large size-large wp-image-2852\" alt=\"\" srcset=\"https:\/\/eolter.com\/wp-content\/uploads\/2025\/11\/mono-eolter.png 362w, https:\/\/eolter.com\/wp-content\/uploads\/2025\/11\/mono-eolter-300x272.png 300w\" sizes=\"(max-width: 362px) 100vw, 362px\" \/>\t\t\t\t\t\t\t\t\t\t\t\t\t\t\t<\/div>\n\t\t\t\t<\/div>\n\t\t\t\t<\/div>\n\t\t\t\t<\/div>\n\t\t\t\t<\/div>\n\t\t\t\t<\/div>\n\t\t\t\t<\/div>\n\t\t\t\t\t\t<\/div>\n\t\t\t\t<\/div>\n\t\t\t\t\t<\/div>\n\t\t\t\t<\/div>\n\t\t\t\t<\/div>\n\t\t\t\t<\/div>\n\t\t","protected":false},"excerpt":{"rendered":"<p>Rentabilit\u00e9, durabilit\u00e9 et innovation au service de l\u2019industrie. Chez Eolter, nous concevons et mettons en \u0153uvre des solutions de filtration de l\u2019air pour les environnements industriels, am\u00e9liorant la qualit\u00e9 de l\u2019air, prot\u00e9geant la sant\u00e9 au travail et optimisant les processus de production, avec un engagement ferme en faveur de la durabilit\u00e9 et du respect des [&hellip;]<\/p>\n","protected":false},"author":1,"featured_media":0,"parent":0,"menu_order":0,"comment_status":"closed","ping_status":"closed","template":"","meta":{"_acf_changed":false,"footnotes":""},"class_list":["post-2858","page","type-page","status-publish","hentry"],"acf":[],"_links":{"self":[{"href":"https:\/\/eolter.com\/fr\/wp-json\/wp\/v2\/pages\/2858","targetHints":{"allow":["GET"]}}],"collection":[{"href":"https:\/\/eolter.com\/fr\/wp-json\/wp\/v2\/pages"}],"about":[{"href":"https:\/\/eolter.com\/fr\/wp-json\/wp\/v2\/types\/page"}],"author":[{"embeddable":true,"href":"https:\/\/eolter.com\/fr\/wp-json\/wp\/v2\/users\/1"}],"replies":[{"embeddable":true,"href":"https:\/\/eolter.com\/fr\/wp-json\/wp\/v2\/comments?post=2858"}],"version-history":[{"count":8,"href":"https:\/\/eolter.com\/fr\/wp-json\/wp\/v2\/pages\/2858\/revisions"}],"predecessor-version":[{"id":3459,"href":"https:\/\/eolter.com\/fr\/wp-json\/wp\/v2\/pages\/2858\/revisions\/3459"}],"wp:attachment":[{"href":"https:\/\/eolter.com\/fr\/wp-json\/wp\/v2\/media?parent=2858"}],"curies":[{"name":"wp","href":"https:\/\/api.w.org\/{rel}","templated":true}]}}