{"id":3208,"date":"2025-11-05T09:31:43","date_gmt":"2025-11-05T08:31:43","guid":{"rendered":"https:\/\/eolter.com\/politicas-de-cookies\/"},"modified":"2026-01-20T10:04:07","modified_gmt":"2026-01-20T09:04:07","slug":"politique-de-cookies","status":"publish","type":"page","link":"https:\/\/eolter.com\/fr\/politique-de-cookies\/","title":{"rendered":"Pol\u00edtique de Cookies"},"content":{"rendered":"\n<h2 class=\"wp-block-heading\">POLITIQUE DE COOKIES<\/h2>\n\n<h4 class=\"wp-block-heading\">eolter.com<\/h4>\n\n<p>L\u2019acc\u00e8s \u00e0 ce site web peut impliquer l\u2019utilisation de cookies. Les cookies sont de petites quantit\u00e9s d\u2019informations stock\u00e9es dans le navigateur utilis\u00e9 par chaque utilisateur \u2014 sur les diff\u00e9rents appareils qu\u2019il peut utiliser pour naviguer \u2014 afin que le serveur puisse se souvenir de certaines informations qui seront ult\u00e9rieurement lues exclusivement par le serveur qui les a implant\u00e9es. Les cookies facilitent la navigation, la rendent plus conviviale et n\u2019endommagent pas l\u2019appareil de navigation.<\/p>\n\n<p>Les cookies sont des proc\u00e9d\u00e9s automatiques de collecte d\u2019informations relatives aux pr\u00e9f\u00e9rences d\u00e9termin\u00e9es par l\u2019utilisateur lors de sa visite sur le site web, afin de le reconna\u00eetre en tant qu\u2019utilisateur, de personnaliser son exp\u00e9rience et l\u2019utilisation du site web, et peuvent \u00e9galement, par exemple, aider \u00e0 identifier et \u00e0 r\u00e9soudre des erreurs.<br\/><\/p>\n\n<p>Les informations recueillies par le biais des cookies peuvent inclure la date et l\u2019heure des visites sur le site web, les pages consult\u00e9es, le temps pass\u00e9 sur le site web et les sites visit\u00e9s imm\u00e9diatement avant et apr\u00e8s celui-ci. Toutefois, aucun cookie ne permet de contacter l\u2019utilisateur par t\u00e9l\u00e9phone ou par tout autre moyen de contact personnel. Aucun cookie ne peut extraire des informations du disque dur de l\u2019utilisateur ni voler des informations personnelles. La seule mani\u00e8re pour que des informations priv\u00e9es de l\u2019utilisateur fassent partie du fichier cookie est que l\u2019utilisateur les fournisse personnellement au serveur.<\/p>\n\n<p>Les cookies permettant d\u2019identifier une personne sont consid\u00e9r\u00e9s comme des donn\u00e9es personnelles. \u00c0 ce titre, la politique de confidentialit\u00e9 pr\u00e9c\u00e9demment d\u00e9crite leur est applicable. Dans ce cadre, l\u2019utilisation de ces cookies n\u00e9cessite le consentement de l\u2019utilisateur. Ce consentement sera communiqu\u00e9 sur la base d\u2019un choix r\u00e9el, exprim\u00e9 par une d\u00e9cision affirmative et positive, avant le traitement initial, r\u00e9vocable et document\u00e9.<\/p>\n\n<h4 class=\"wp-block-heading\">Cookies propres<\/h4>\n\n<p>Il s\u2019agit de cookies envoy\u00e9s \u00e0 l\u2019ordinateur ou \u00e0 l\u2019appareil de l\u2019utilisateur et g\u00e9r\u00e9s exclusivement par Eolter pour le bon fonctionnement du site web. Les informations collect\u00e9es sont utilis\u00e9es pour am\u00e9liorer la qualit\u00e9 du site web, de son contenu et de l\u2019exp\u00e9rience utilisateur. Ces cookies permettent de reconna\u00eetre l\u2019utilisateur comme visiteur r\u00e9current et d\u2019adapter le contenu \u00e0 ses pr\u00e9f\u00e9rences.<\/p>\n\n<h4 class=\"wp-block-heading\">Cookies tiers<\/h4>\n\n<p>Il s\u2019agit de cookies utilis\u00e9s et g\u00e9r\u00e9s par des entit\u00e9s externes qui fournissent \u00e0 Eolter des services demand\u00e9s afin d\u2019am\u00e9liorer le site web et l\u2019exp\u00e9rience de navigation de l\u2019utilisateur. Les principaux objectifs de l\u2019utilisation de cookies tiers sont l\u2019obtention de statistiques de fr\u00e9quentation et l\u2019analyse des informations de navigation, c\u2019est-\u00e0-dire la mani\u00e8re dont l\u2019utilisateur interagit avec le site web.<\/p>\n\n<p>Les informations obtenues concernent, par exemple, le nombre de pages visit\u00e9es, la langue, la localisation associ\u00e9e \u00e0 l\u2019adresse IP depuis laquelle l\u2019utilisateur acc\u00e8de au site web, le nombre d\u2019utilisateurs, la fr\u00e9quence et la r\u00e9currence des visites, la dur\u00e9e de la visite, le navigateur utilis\u00e9, l\u2019op\u00e9rateur ou le type d\u2019appareil utilis\u00e9. Ces informations sont utilis\u00e9es pour am\u00e9liorer le site web et d\u00e9tecter de nouveaux besoins afin d\u2019offrir aux utilisateurs un contenu et\/ou des services de qualit\u00e9 optimale. Dans tous les cas, les informations sont collect\u00e9es de mani\u00e8re anonyme et des rapports de tendances sont \u00e9labor\u00e9s sans identifier les utilisateurs individuellement.<\/p>\n\n<p>Des informations suppl\u00e9mentaires sur les cookies, la protection de la vie priv\u00e9e ou la description des types de cookies utilis\u00e9s, leurs principales caract\u00e9ristiques, leur dur\u00e9e de conservation, etc., peuvent \u00eatre consult\u00e9es via le(s) lien(s) suivant(s) :<\/p>\n\n<pre class=\"wp-block-preformatted\"><\/pre>\n\n<p>Les entit\u00e9s responsables de la fourniture de cookies peuvent transmettre ces informations \u00e0 des tiers lorsque la loi l\u2019exige ou lorsqu\u2019un tiers traite ces informations pour le compte de ces entit\u00e9s.<\/p>\n\n<h4 class=\"wp-block-heading\">Cookies des r\u00e9seaux sociaux<\/h4>\n\n<p>Eolter int\u00e8gre des plugins de r\u00e9seaux sociaux permettant d\u2019y acc\u00e9der \u00e0 partir du site web. \u00c0 ce titre, des cookies de r\u00e9seaux sociaux peuvent \u00eatre stock\u00e9s dans le navigateur de l\u2019utilisateur. Les responsables de ces r\u00e9seaux sociaux disposent de leurs propres politiques de protection des donn\u00e9es et de cookies et sont responsables de leurs propres fichiers et pratiques de confidentialit\u00e9. L\u2019utilisateur doit s\u2019y r\u00e9f\u00e9rer pour obtenir des informations concernant ces cookies et, le cas \u00e9ch\u00e9ant, le traitement de ses donn\u00e9es personnelles. \u00c0 titre informatif uniquement, les liens suivants permettent de consulter ces politiques :<\/p>\n\n<ul class=\"wp-block-list\">\n<li>Facebook: <a href=\"https:\/\/www.facebook.com\/policies\/cookies\/\" target=\"_blank\" rel=\"noopener\">https:\/\/www.facebook.com\/policies\/cookies\/<\/a><\/li>\n\n\n\n<li>Twitter: <a href=\"https:\/\/twitter.com\/es\/privacy\" target=\"_blank\" rel=\"noopener\">https:\/\/twitter.com\/es\/privacy<\/a><\/li>\n\n\n\n<li>Instagram: <a href=\"https:\/\/help.instagram.com\/1896641480634370?ref=ig\" target=\"_blank\" rel=\"noopener\">https:\/\/help.instagram.com\/1896641480634370?ref=ig<\/a><\/li>\n\n\n\n<li>YouTube: <a href=\"https:\/\/policies.google.com\/privacy?hl=es-419&amp;gl=mx\" target=\"_blank\" rel=\"noopener\">https:\/\/policies.google.com\/privacy?hl=es-419&amp;gl=mx<\/a><\/li>\n\n\n\n<li>Pinterest: <a href=\"https:\/\/policy.pinterest.com\/es\/privacy-policy\" target=\"_blank\" rel=\"noopener\">https:\/\/policy.pinterest.com\/es\/privacy-policy<\/a><\/li>\n\n\n\n<li>LinkedIn: <a href=\"https:\/\/www.linkedin.com\/legal\/cookie-policy?trk=hp-cookies\" target=\"_blank\" rel=\"noopener\">https:\/\/www.linkedin.com\/legal\/cookie-policy?trk=hp-cookies<\/a><\/li>\n<\/ul>\n\n<h4 class=\"wp-block-heading\">D\u00e9sactivation, refus et suppression des cookies<\/h4>\n\n<p>L\u2019utilisateur peut d\u00e9sactiver, refuser et supprimer les cookies \u2014 en totalit\u00e9 ou en partie \u2014 install\u00e9s sur son appareil via les param\u00e8tres de son navigateur (Chrome, Firefox, Safari, Explorer, etc.). Les proc\u00e9dures peuvent varier selon le navigateur utilis\u00e9. En cons\u00e9quence, l\u2019utilisateur doit consulter les instructions fournies par son navigateur. En cas de refus total ou partiel des cookies, l\u2019utilisateur peut continuer \u00e0 utiliser le site web, bien que certaines fonctionnalit\u00e9s puissent \u00eatre limit\u00e9es.<\/p>\n","protected":false},"excerpt":{"rendered":"<p>POLITIQUE DE COOKIES eolter.com L\u2019acc\u00e8s \u00e0 ce site web peut impliquer l\u2019utilisation de cookies. Les cookies sont de petites quantit\u00e9s d\u2019informations stock\u00e9es dans le navigateur utilis\u00e9 par chaque utilisateur \u2014 sur les diff\u00e9rents appareils qu\u2019il peut utiliser pour naviguer \u2014 afin que le serveur puisse se souvenir de certaines informations qui seront ult\u00e9rieurement lues exclusivement [&hellip;]<\/p>\n","protected":false},"author":1,"featured_media":0,"parent":0,"menu_order":0,"comment_status":"closed","ping_status":"closed","template":"","meta":{"_acf_changed":false,"footnotes":""},"class_list":["post-3208","page","type-page","status-publish","hentry"],"acf":[],"_links":{"self":[{"href":"https:\/\/eolter.com\/fr\/wp-json\/wp\/v2\/pages\/3208","targetHints":{"allow":["GET"]}}],"collection":[{"href":"https:\/\/eolter.com\/fr\/wp-json\/wp\/v2\/pages"}],"about":[{"href":"https:\/\/eolter.com\/fr\/wp-json\/wp\/v2\/types\/page"}],"author":[{"embeddable":true,"href":"https:\/\/eolter.com\/fr\/wp-json\/wp\/v2\/users\/1"}],"replies":[{"embeddable":true,"href":"https:\/\/eolter.com\/fr\/wp-json\/wp\/v2\/comments?post=3208"}],"version-history":[{"count":2,"href":"https:\/\/eolter.com\/fr\/wp-json\/wp\/v2\/pages\/3208\/revisions"}],"predecessor-version":[{"id":3212,"href":"https:\/\/eolter.com\/fr\/wp-json\/wp\/v2\/pages\/3208\/revisions\/3212"}],"wp:attachment":[{"href":"https:\/\/eolter.com\/fr\/wp-json\/wp\/v2\/media?parent=3208"}],"curies":[{"name":"wp","href":"https:\/\/api.w.org\/{rel}","templated":true}]}}